{"id":1478,"date":"2025-02-19T08:52:26","date_gmt":"2025-02-19T08:52:26","guid":{"rendered":"https:\/\/shop.euromarchi.it\/?post_type=product&#038;p=1478"},"modified":"2026-02-10T14:01:49","modified_gmt":"2026-02-10T14:01:49","slug":"set-nativita-da-8-pezzi-adatto-a-presepe-da-35-cm","status":"publish","type":"product","link":"https:\/\/shop.euromarchi.it\/en\/prodotto\/set-nativita-da-8-pezzi-adatto-a-presepe-da-35-cm\/","title":{"rendered":"Set Nativit\u00e0 da 8 pezzi adatto a Presepe da 3,5 cm."},"content":{"rendered":"<p>Set Nativit\u00e0 da 8 pezzi adatto a Presepe da 3,5 cm.<\/p>\n<p>Figure Nativit\u00e0: Giuseppe, Maria, Ges\u00f9 Bambino, Bue, Asino e Re Magi<\/p>\n","protected":false},"excerpt":{"rendered":"<p>Set Nativit\u00e0 da 8 pezzi adatto a Presepe da 3,5 cm. Figure Nativit\u00e0: Giuseppe, Maria, Ges\u00f9 Bambino, Bue, Asino e Re Magi<\/p>\n","protected":false},"featured_media":2832,"template":"","meta":[],"product_brand":[],"product_cat":[29,286],"product_tag":[],"class_list":{"0":"post-1478","1":"product","2":"type-product","3":"status-publish","4":"has-post-thumbnail","6":"product_cat-presepe","7":"product_cat-presepi-da-35-cm","8":"description-off","10":"first","11":"instock","12":"shipping-taxable","13":"purchasable","14":"product-type-simple"},"yoast_head":"<!-- This site is optimized with the Yoast SEO plugin v27.4 - https:\/\/yoast.com\/product\/yoast-seo-wordpress\/ -->\n<title>Set Nativit\u00e0 da 8 pezzi adatto a Presepe da 3,5 cm. - Euromarchi<\/title>\n<meta name=\"description\" content=\"Set Nativit\u00e0 da 8 pezzi adatto a Presepe da 3,5 cm.Figure Nativit\u00e0: Giuseppe, Maria, Ges\u00f9 Bambino, Bue, Asino e Re Magi\" \/>\n<meta name=\"robots\" content=\"index, follow, max-snippet:-1, max-image-preview:large, max-video-preview:-1\" \/>\n<link rel=\"canonical\" href=\"https:\/\/shop.euromarchi.it\/en\/prodotto\/set-nativita-da-8-pezzi-adatto-a-presepe-da-35-cm\/\" \/>\n<meta property=\"og:locale\" content=\"en_US\" \/>\n<meta property=\"og:type\" content=\"article\" \/>\n<meta property=\"og:title\" content=\"Set Nativit\u00e0 da 8 pezzi adatto a Presepe da 3,5 cm. - Euromarchi\" \/>\n<meta property=\"og:description\" content=\"Set Nativit\u00e0 da 8 pezzi adatto a Presepe da 3,5 cm.Figure Nativit\u00e0: Giuseppe, Maria, Ges\u00f9 Bambino, Bue, Asino e Re Magi\" \/>\n<meta property=\"og:url\" content=\"https:\/\/shop.euromarchi.it\/en\/prodotto\/set-nativita-da-8-pezzi-adatto-a-presepe-da-35-cm\/\" \/>\n<meta property=\"og:site_name\" content=\"Euromarchi\" \/>\n<meta property=\"article:modified_time\" content=\"2026-02-10T14:01:49+00:00\" \/>\n<meta property=\"og:image\" content=\"https:\/\/shop.euromarchi.it\/wp-content\/uploads\/2025\/02\/Set-Nativita-da-8-pezzi-adatto-a-Presepe-da-35-cm-2.png\" \/>\n\t<meta property=\"og:image:width\" content=\"1300\" \/>\n\t<meta property=\"og:image:height\" content=\"1000\" \/>\n\t<meta property=\"og:image:type\" content=\"image\/png\" \/>\n<meta name=\"twitter:card\" content=\"summary_large_image\" \/>\n<meta name=\"twitter:label1\" content=\"Est. reading time\" \/>\n\t<meta name=\"twitter:data1\" content=\"1 minute\" \/>\n<script type=\"application\/ld+json\" class=\"yoast-schema-graph\">{\"@context\":\"https:\\\/\\\/schema.org\",\"@graph\":[{\"@type\":\"WebPage\",\"@id\":\"https:\\\/\\\/shop.euromarchi.it\\\/en\\\/prodotto\\\/set-nativita-da-8-pezzi-adatto-a-presepe-da-35-cm\\\/\",\"url\":\"https:\\\/\\\/shop.euromarchi.it\\\/en\\\/prodotto\\\/set-nativita-da-8-pezzi-adatto-a-presepe-da-35-cm\\\/\",\"name\":\"Set Nativit\u00e0 da 8 pezzi adatto a Presepe da 3,5 cm. - Euromarchi\",\"isPartOf\":{\"@id\":\"https:\\\/\\\/shop.euromarchi.it\\\/en\\\/#website\"},\"primaryImageOfPage\":{\"@id\":\"https:\\\/\\\/shop.euromarchi.it\\\/en\\\/prodotto\\\/set-nativita-da-8-pezzi-adatto-a-presepe-da-35-cm\\\/#primaryimage\"},\"image\":{\"@id\":\"https:\\\/\\\/shop.euromarchi.it\\\/en\\\/prodotto\\\/set-nativita-da-8-pezzi-adatto-a-presepe-da-35-cm\\\/#primaryimage\"},\"thumbnailUrl\":\"https:\\\/\\\/shop.euromarchi.it\\\/wp-content\\\/uploads\\\/2025\\\/02\\\/Set-Nativita-da-8-pezzi-adatto-a-Presepe-da-35-cm-2.png\",\"datePublished\":\"2025-02-19T08:52:26+00:00\",\"dateModified\":\"2026-02-10T14:01:49+00:00\",\"description\":\"Set Nativit\u00e0 da 8 pezzi adatto a Presepe da 3,5 cm.Figure Nativit\u00e0: Giuseppe, Maria, Ges\u00f9 Bambino, Bue, Asino e Re Magi\",\"breadcrumb\":{\"@id\":\"https:\\\/\\\/shop.euromarchi.it\\\/en\\\/prodotto\\\/set-nativita-da-8-pezzi-adatto-a-presepe-da-35-cm\\\/#breadcrumb\"},\"inLanguage\":\"en-US\",\"potentialAction\":[{\"@type\":\"ReadAction\",\"target\":[\"https:\\\/\\\/shop.euromarchi.it\\\/en\\\/prodotto\\\/set-nativita-da-8-pezzi-adatto-a-presepe-da-35-cm\\\/\"]}]},{\"@type\":\"ImageObject\",\"inLanguage\":\"en-US\",\"@id\":\"https:\\\/\\\/shop.euromarchi.it\\\/en\\\/prodotto\\\/set-nativita-da-8-pezzi-adatto-a-presepe-da-35-cm\\\/#primaryimage\",\"url\":\"https:\\\/\\\/shop.euromarchi.it\\\/wp-content\\\/uploads\\\/2025\\\/02\\\/Set-Nativita-da-8-pezzi-adatto-a-Presepe-da-35-cm-2.png\",\"contentUrl\":\"https:\\\/\\\/shop.euromarchi.it\\\/wp-content\\\/uploads\\\/2025\\\/02\\\/Set-Nativita-da-8-pezzi-adatto-a-Presepe-da-35-cm-2.png\",\"width\":1300,\"height\":1000},{\"@type\":\"BreadcrumbList\",\"@id\":\"https:\\\/\\\/shop.euromarchi.it\\\/en\\\/prodotto\\\/set-nativita-da-8-pezzi-adatto-a-presepe-da-35-cm\\\/#breadcrumb\",\"itemListElement\":[{\"@type\":\"ListItem\",\"position\":1,\"name\":\"Home\",\"item\":\"https:\\\/\\\/shop.euromarchi.it\\\/en\\\/\"},{\"@type\":\"ListItem\",\"position\":2,\"name\":\"Shop\",\"item\":\"https:\\\/\\\/shop.euromarchi.it\\\/negozio\\\/\"},{\"@type\":\"ListItem\",\"position\":3,\"name\":\"Set Nativit\u00e0 da 8 pezzi adatto a Presepe da 3,5 cm.\"}]},{\"@type\":\"WebSite\",\"@id\":\"https:\\\/\\\/shop.euromarchi.it\\\/en\\\/#website\",\"url\":\"https:\\\/\\\/shop.euromarchi.it\\\/en\\\/\",\"name\":\"Euromarchi\",\"description\":\"Home decor, arte sacra, presepi\",\"publisher\":{\"@id\":\"https:\\\/\\\/shop.euromarchi.it\\\/en\\\/#organization\"},\"potentialAction\":[{\"@type\":\"SearchAction\",\"target\":{\"@type\":\"EntryPoint\",\"urlTemplate\":\"https:\\\/\\\/shop.euromarchi.it\\\/en\\\/?s={search_term_string}\"},\"query-input\":{\"@type\":\"PropertyValueSpecification\",\"valueRequired\":true,\"valueName\":\"search_term_string\"}}],\"inLanguage\":\"en-US\"},{\"@type\":\"Organization\",\"@id\":\"https:\\\/\\\/shop.euromarchi.it\\\/en\\\/#organization\",\"name\":\"Euromarchi\",\"url\":\"https:\\\/\\\/shop.euromarchi.it\\\/en\\\/\",\"logo\":{\"@type\":\"ImageObject\",\"inLanguage\":\"en-US\",\"@id\":\"https:\\\/\\\/shop.euromarchi.it\\\/en\\\/#\\\/schema\\\/logo\\\/image\\\/\",\"url\":\"https:\\\/\\\/shop.euromarchi.it\\\/wp-content\\\/uploads\\\/2024\\\/10\\\/Euromarchi-Logo-Black.png\",\"contentUrl\":\"https:\\\/\\\/shop.euromarchi.it\\\/wp-content\\\/uploads\\\/2024\\\/10\\\/Euromarchi-Logo-Black.png\",\"width\":1300,\"height\":200,\"caption\":\"Euromarchi\"},\"image\":{\"@id\":\"https:\\\/\\\/shop.euromarchi.it\\\/en\\\/#\\\/schema\\\/logo\\\/image\\\/\"}}]}<\/script>\n<!-- \/ Yoast SEO plugin. -->","yoast_head_json":{"title":"Set Nativit\u00e0 da 8 pezzi adatto a Presepe da 3,5 cm. - Euromarchi","description":"Set Nativit\u00e0 da 8 pezzi adatto a Presepe da 3,5 cm.Figure Nativit\u00e0: Giuseppe, Maria, Ges\u00f9 Bambino, Bue, Asino e Re Magi","robots":{"index":"index","follow":"follow","max-snippet":"max-snippet:-1","max-image-preview":"max-image-preview:large","max-video-preview":"max-video-preview:-1"},"canonical":"https:\/\/shop.euromarchi.it\/en\/prodotto\/set-nativita-da-8-pezzi-adatto-a-presepe-da-35-cm\/","og_locale":"en_US","og_type":"article","og_title":"Set Nativit\u00e0 da 8 pezzi adatto a Presepe da 3,5 cm. - Euromarchi","og_description":"Set Nativit\u00e0 da 8 pezzi adatto a Presepe da 3,5 cm.Figure Nativit\u00e0: Giuseppe, Maria, Ges\u00f9 Bambino, Bue, Asino e Re Magi","og_url":"https:\/\/shop.euromarchi.it\/en\/prodotto\/set-nativita-da-8-pezzi-adatto-a-presepe-da-35-cm\/","og_site_name":"Euromarchi","article_modified_time":"2026-02-10T14:01:49+00:00","og_image":[{"width":1300,"height":1000,"url":"https:\/\/shop.euromarchi.it\/wp-content\/uploads\/2025\/02\/Set-Nativita-da-8-pezzi-adatto-a-Presepe-da-35-cm-2.png","type":"image\/png"}],"twitter_card":"summary_large_image","twitter_misc":{"Est. reading time":"1 minute"},"schema":{"@context":"https:\/\/schema.org","@graph":[{"@type":"WebPage","@id":"https:\/\/shop.euromarchi.it\/en\/prodotto\/set-nativita-da-8-pezzi-adatto-a-presepe-da-35-cm\/","url":"https:\/\/shop.euromarchi.it\/en\/prodotto\/set-nativita-da-8-pezzi-adatto-a-presepe-da-35-cm\/","name":"Set Nativit\u00e0 da 8 pezzi adatto a Presepe da 3,5 cm. - Euromarchi","isPartOf":{"@id":"https:\/\/shop.euromarchi.it\/en\/#website"},"primaryImageOfPage":{"@id":"https:\/\/shop.euromarchi.it\/en\/prodotto\/set-nativita-da-8-pezzi-adatto-a-presepe-da-35-cm\/#primaryimage"},"image":{"@id":"https:\/\/shop.euromarchi.it\/en\/prodotto\/set-nativita-da-8-pezzi-adatto-a-presepe-da-35-cm\/#primaryimage"},"thumbnailUrl":"https:\/\/shop.euromarchi.it\/wp-content\/uploads\/2025\/02\/Set-Nativita-da-8-pezzi-adatto-a-Presepe-da-35-cm-2.png","datePublished":"2025-02-19T08:52:26+00:00","dateModified":"2026-02-10T14:01:49+00:00","description":"Set Nativit\u00e0 da 8 pezzi adatto a Presepe da 3,5 cm.Figure Nativit\u00e0: Giuseppe, Maria, Ges\u00f9 Bambino, Bue, Asino e Re Magi","breadcrumb":{"@id":"https:\/\/shop.euromarchi.it\/en\/prodotto\/set-nativita-da-8-pezzi-adatto-a-presepe-da-35-cm\/#breadcrumb"},"inLanguage":"en-US","potentialAction":[{"@type":"ReadAction","target":["https:\/\/shop.euromarchi.it\/en\/prodotto\/set-nativita-da-8-pezzi-adatto-a-presepe-da-35-cm\/"]}]},{"@type":"ImageObject","inLanguage":"en-US","@id":"https:\/\/shop.euromarchi.it\/en\/prodotto\/set-nativita-da-8-pezzi-adatto-a-presepe-da-35-cm\/#primaryimage","url":"https:\/\/shop.euromarchi.it\/wp-content\/uploads\/2025\/02\/Set-Nativita-da-8-pezzi-adatto-a-Presepe-da-35-cm-2.png","contentUrl":"https:\/\/shop.euromarchi.it\/wp-content\/uploads\/2025\/02\/Set-Nativita-da-8-pezzi-adatto-a-Presepe-da-35-cm-2.png","width":1300,"height":1000},{"@type":"BreadcrumbList","@id":"https:\/\/shop.euromarchi.it\/en\/prodotto\/set-nativita-da-8-pezzi-adatto-a-presepe-da-35-cm\/#breadcrumb","itemListElement":[{"@type":"ListItem","position":1,"name":"Home","item":"https:\/\/shop.euromarchi.it\/en\/"},{"@type":"ListItem","position":2,"name":"Shop","item":"https:\/\/shop.euromarchi.it\/negozio\/"},{"@type":"ListItem","position":3,"name":"Set Nativit\u00e0 da 8 pezzi adatto a Presepe da 3,5 cm."}]},{"@type":"WebSite","@id":"https:\/\/shop.euromarchi.it\/en\/#website","url":"https:\/\/shop.euromarchi.it\/en\/","name":"Euromarchi","description":"Home decor, arte sacra, presepi","publisher":{"@id":"https:\/\/shop.euromarchi.it\/en\/#organization"},"potentialAction":[{"@type":"SearchAction","target":{"@type":"EntryPoint","urlTemplate":"https:\/\/shop.euromarchi.it\/en\/?s={search_term_string}"},"query-input":{"@type":"PropertyValueSpecification","valueRequired":true,"valueName":"search_term_string"}}],"inLanguage":"en-US"},{"@type":"Organization","@id":"https:\/\/shop.euromarchi.it\/en\/#organization","name":"Euromarchi","url":"https:\/\/shop.euromarchi.it\/en\/","logo":{"@type":"ImageObject","inLanguage":"en-US","@id":"https:\/\/shop.euromarchi.it\/en\/#\/schema\/logo\/image\/","url":"https:\/\/shop.euromarchi.it\/wp-content\/uploads\/2024\/10\/Euromarchi-Logo-Black.png","contentUrl":"https:\/\/shop.euromarchi.it\/wp-content\/uploads\/2024\/10\/Euromarchi-Logo-Black.png","width":1300,"height":200,"caption":"Euromarchi"},"image":{"@id":"https:\/\/shop.euromarchi.it\/en\/#\/schema\/logo\/image\/"}}]}},"_links":{"self":[{"href":"https:\/\/shop.euromarchi.it\/en\/wp-json\/wp\/v2\/product\/1478","targetHints":{"allow":["GET"]}}],"collection":[{"href":"https:\/\/shop.euromarchi.it\/en\/wp-json\/wp\/v2\/product"}],"about":[{"href":"https:\/\/shop.euromarchi.it\/en\/wp-json\/wp\/v2\/types\/product"}],"wp:featuredmedia":[{"embeddable":true,"href":"https:\/\/shop.euromarchi.it\/en\/wp-json\/wp\/v2\/media\/2832"}],"wp:attachment":[{"href":"https:\/\/shop.euromarchi.it\/en\/wp-json\/wp\/v2\/media?parent=1478"}],"wp:term":[{"taxonomy":"product_brand","embeddable":true,"href":"https:\/\/shop.euromarchi.it\/en\/wp-json\/wp\/v2\/product_brand?post=1478"},{"taxonomy":"product_cat","embeddable":true,"href":"https:\/\/shop.euromarchi.it\/en\/wp-json\/wp\/v2\/product_cat?post=1478"},{"taxonomy":"product_tag","embeddable":true,"href":"https:\/\/shop.euromarchi.it\/en\/wp-json\/wp\/v2\/product_tag?post=1478"}],"curies":[{"name":"wp","href":"https:\/\/api.w.org\/{rel}","templated":true}]}}